{"id":561,"date":"2024-07-04T15:06:31","date_gmt":"2024-07-04T15:06:31","guid":{"rendered":"http:\/\/63.178.124.224\/?page_id=561"},"modified":"2024-07-17T06:42:26","modified_gmt":"2024-07-17T06:42:26","slug":"complaints","status":"publish","type":"page","link":"https:\/\/trade24seven.com\/pt\/complaints\/","title":{"rendered":"Queixas"},"content":{"rendered":"<div data-elementor-type=\"wp-page\" data-elementor-id=\"561\" class=\"elementor elementor-561\" data-elementor-post-type=\"page\">\n\t\t\t\t\t\t<section class=\"elementor-section elementor-top-section elementor-element elementor-element-8c91db8 elementor-section-boxed elementor-section-height-default elementor-section-height-default\" data-id=\"8c91db8\" data-element_type=\"section\" data-e-type=\"section\" data-settings=\"{&quot;background_background&quot;:&quot;classic&quot;}\">\n\t\t\t\t\t\t\t<div class=\"elementor-background-overlay\"><\/div>\n\t\t\t\t\t\t\t<div class=\"elementor-container elementor-column-gap-default\">\n\t\t\t\t\t<div class=\"elementor-column elementor-col-100 elementor-top-column elementor-element elementor-element-bf114c9\" data-id=\"bf114c9\" data-element_type=\"column\" data-e-type=\"column\" data-settings=\"{&quot;background_background&quot;:&quot;classic&quot;}\">\n\t\t\t<div class=\"elementor-widget-wrap elementor-element-populated\">\n\t\t\t\t\t\t<div class=\"elementor-element elementor-element-def4b9d elementor-invisible elementor-widget elementor-widget-heading\" data-id=\"def4b9d\" data-element_type=\"widget\" data-e-type=\"widget\" data-settings=\"{&quot;_animation&quot;:&quot;fadeInUp&quot;}\" data-widget_type=\"heading.default\">\n\t\t\t\t<div class=\"elementor-widget-container\">\n\t\t\t\t\t<h1 class=\"elementor-heading-title elementor-size-default\">Procedimento de reclama\u00e7\u00e3o<\/h1>\t\t\t\t<\/div>\n\t\t\t\t<\/div>\n\t\t\t\t\t<\/div>\n\t\t<\/div>\n\t\t\t\t\t<\/div>\n\t\t<\/section>\n\t\t<div class=\"elementor-element elementor-element-84cfc4a e-flex e-con-boxed e-con e-parent\" data-id=\"84cfc4a\" data-element_type=\"container\" data-e-type=\"container\">\n\t\t\t\t\t<div class=\"e-con-inner\">\n\t\t<div class=\"elementor-element elementor-element-b5b5f0b e-con-full e-flex elementor-invisible e-con e-child\" data-id=\"b5b5f0b\" data-element_type=\"container\" data-e-type=\"container\" data-settings=\"{&quot;animation&quot;:&quot;fadeInLeft&quot;}\">\n\t\t\t\t<div class=\"elementor-element elementor-element-e3cf23a elementor-widget__width-initial elementor-widget elementor-widget-image\" data-id=\"e3cf23a\" data-element_type=\"widget\" data-e-type=\"widget\" data-widget_type=\"image.default\">\n\t\t\t\t<div class=\"elementor-widget-container\">\n\t\t\t\t\t\t\t\t\t\t\t\t\t\t\t<img fetchpriority=\"high\" decoding=\"async\" width=\"900\" height=\"903\" src=\"https:\/\/trade24seven.com\/wp-content\/uploads\/2024\/07\/Group-1214995.webp\" class=\"attachment-full size-full wp-image-573\" alt=\"\" srcset=\"https:\/\/trade24seven.com\/wp-content\/uploads\/2024\/07\/Group-1214995.webp 900w, https:\/\/trade24seven.com\/wp-content\/uploads\/2024\/07\/Group-1214995-300x300.webp 300w, https:\/\/trade24seven.com\/wp-content\/uploads\/2024\/07\/Group-1214995-150x150.webp 150w, https:\/\/trade24seven.com\/wp-content\/uploads\/2024\/07\/Group-1214995-768x771.webp 768w\" sizes=\"(max-width: 900px) 100vw, 900px\" \/>\t\t\t\t\t\t\t\t\t\t\t\t\t\t\t<\/div>\n\t\t\t\t<\/div>\n\t\t\t\t<\/div>\n\t\t<div class=\"elementor-element elementor-element-72fd344 e-con-full e-flex elementor-invisible e-con e-child\" data-id=\"72fd344\" data-element_type=\"container\" data-e-type=\"container\" data-settings=\"{&quot;animation&quot;:&quot;fadeInRight&quot;}\">\n\t\t\t\t<div class=\"elementor-element elementor-element-e0cb20e elementor-widget elementor-widget-heading\" data-id=\"e0cb20e\" data-element_type=\"widget\" data-e-type=\"widget\" data-widget_type=\"heading.default\">\n\t\t\t\t<div class=\"elementor-widget-container\">\n\t\t\t\t\t<h2 class=\"elementor-heading-title elementor-size-default\">Procedimento de reclama\u00e7\u00e3o de clientes\n<\/h2>\t\t\t\t<\/div>\n\t\t\t\t<\/div>\n\t\t\t\t<div class=\"elementor-element elementor-element-88c0e83 elementor-widget elementor-widget-text-editor\" data-id=\"88c0e83\" data-element_type=\"widget\" data-e-type=\"widget\" data-widget_type=\"text-editor.default\">\n\t\t\t\t<div class=\"elementor-widget-container\">\n\t\t\t\t\t\t\t\t\t<p>N\u00f3s, Delcamp Global Markets Inc., adopt\u00e1mos este processo de reclama\u00e7\u00e3o para garantir um tratamento justo e atempado de quaisquer reclama\u00e7\u00f5es que possam surgir da nossa rela\u00e7\u00e3o. A Empresa \u00e9 autorizada e regulada pela Autoridade de Servi\u00e7os Internacionais de Mwali (M.I.S.A.) da Ilha das Comores com o n\u00famero de licen\u00e7a BFX2024041. O n\u00famero de registo da empresa \u00e9 HT00324013. O endere\u00e7o registado da Delcamp Global Markets Inc \u00e9 Bonovo Road, Fomboni, Ilha de Moh\u00e9li, Uni\u00e3o das Comores.<\/p>\t\t\t\t\t\t\t\t<\/div>\n\t\t\t\t<\/div>\n\t\t\t\t<\/div>\n\t\t\t\t\t<\/div>\n\t\t\t\t<\/div>\n\t\t<div class=\"elementor-element elementor-element-f8d5013 e-flex e-con-boxed e-con e-parent\" data-id=\"f8d5013\" data-element_type=\"container\" data-e-type=\"container\" data-settings=\"{&quot;background_background&quot;:&quot;classic&quot;}\">\n\t\t\t\t\t<div class=\"e-con-inner\">\n\t\t<div class=\"elementor-element elementor-element-3eb51f5 e-con-full e-flex elementor-invisible e-con e-child\" data-id=\"3eb51f5\" data-element_type=\"container\" data-e-type=\"container\" data-settings=\"{&quot;animation&quot;:&quot;fadeInRight&quot;}\">\n\t\t\t\t<div class=\"elementor-element elementor-element-4459895 elementor-widget elementor-widget-heading\" data-id=\"4459895\" data-element_type=\"widget\" data-e-type=\"widget\" data-widget_type=\"heading.default\">\n\t\t\t\t<div class=\"elementor-widget-container\">\n\t\t\t\t\t<h2 class=\"elementor-heading-title elementor-size-default\">01<\/h2>\t\t\t\t<\/div>\n\t\t\t\t<\/div>\n\t\t\t\t<div class=\"elementor-element elementor-element-3699345 elementor-widget elementor-widget-heading\" data-id=\"3699345\" data-element_type=\"widget\" data-e-type=\"widget\" data-widget_type=\"heading.default\">\n\t\t\t\t<div class=\"elementor-widget-container\">\n\t\t\t\t\t<h3 class=\"elementor-heading-title elementor-size-default\">Apresentar a sua queixa\n<\/h3>\t\t\t\t<\/div>\n\t\t\t\t<\/div>\n\t\t\t\t<div class=\"elementor-element elementor-element-83f8f07 elementor-widget elementor-widget-text-editor\" data-id=\"83f8f07\" data-element_type=\"widget\" data-e-type=\"widget\" data-widget_type=\"text-editor.default\">\n\t\t\t\t<div class=\"elementor-widget-container\">\n\t\t\t\t\t\t\t\t\t<p>Para apresentar uma reclama\u00e7\u00e3o \u00e0 empresa, preencha e envie o formul\u00e1rio de reclama\u00e7\u00e3o (clique na hiperliga\u00e7\u00e3o abaixo). A Empresa reserva-se o direito de n\u00e3o aceitar reclama\u00e7\u00f5es apresentadas por qualquer outro meio ou m\u00e9todo (por exemplo, correio eletr\u00f3nico, telefone, etc.). Utilize a seguinte liga\u00e7\u00e3o para aceder ao formul\u00e1rio de reclama\u00e7\u00e3o.<\/p>\t\t\t\t\t\t\t\t<\/div>\n\t\t\t\t<\/div>\n\t\t\t\t<div class=\"elementor-element elementor-element-afc3afb elementor-align-center elementor-widget elementor-widget-button\" data-id=\"afc3afb\" data-element_type=\"widget\" data-e-type=\"widget\" data-widget_type=\"button.default\">\n\t\t\t\t<div class=\"elementor-widget-container\">\n\t\t\t\t\t\t\t\t\t<div class=\"elementor-button-wrapper\">\n\t\t\t\t\t<a class=\"elementor-button elementor-button-link elementor-size-sm\" href=\"\/pt\/complaint-form\/\">\n\t\t\t\t\t\t<span class=\"elementor-button-content-wrapper\">\n\t\t\t\t\t\t\t\t\t<span class=\"elementor-button-text\">Clique aqui para aceder ao nosso formul\u00e1rio de reclama\u00e7\u00e3o<\/span>\n\t\t\t\t\t<\/span>\n\t\t\t\t\t<\/a>\n\t\t\t\t<\/div>\n\t\t\t\t\t\t\t\t<\/div>\n\t\t\t\t<\/div>\n\t\t\t\t<div class=\"elementor-element elementor-element-f54e500 elementor-widget elementor-widget-text-editor\" data-id=\"f54e500\" data-element_type=\"widget\" data-e-type=\"widget\" data-widget_type=\"text-editor.default\">\n\t\t\t\t<div class=\"elementor-widget-container\">\n\t\t\t\t\t\t\t\t\t<p>Ou contactar: <a href=\"mailto:complaints@trade24seven.com\">complaints@trade24seven.com<\/a><\/p>\t\t\t\t\t\t\t\t<\/div>\n\t\t\t\t<\/div>\n\t\t\t\t<div class=\"elementor-element elementor-element-6069085 elementor-widget elementor-widget-text-editor\" data-id=\"6069085\" data-element_type=\"widget\" data-e-type=\"widget\" data-widget_type=\"text-editor.default\">\n\t\t\t\t<div class=\"elementor-widget-container\">\n\t\t\t\t\t\t\t\t\t<p>Depois de preencher e enviar o seu formul\u00e1rio de reclama\u00e7\u00e3o, o nosso departamento correspondente ir\u00e1 investigar e, eventualmente, entrar em contacto consigo.<\/p>\t\t\t\t\t\t\t\t<\/div>\n\t\t\t\t<\/div>\n\t\t\t\t<\/div>\n\t\t<div class=\"elementor-element elementor-element-8ce7be6 e-con-full e-flex elementor-invisible e-con e-child\" data-id=\"8ce7be6\" data-element_type=\"container\" data-e-type=\"container\" data-settings=\"{&quot;animation&quot;:&quot;fadeInLeft&quot;}\">\n\t\t\t\t<div class=\"elementor-element elementor-element-bbee966 elementor-widget elementor-widget-heading\" data-id=\"bbee966\" data-element_type=\"widget\" data-e-type=\"widget\" data-widget_type=\"heading.default\">\n\t\t\t\t<div class=\"elementor-widget-container\">\n\t\t\t\t\t<h2 class=\"elementor-heading-title elementor-size-default\">02<\/h2>\t\t\t\t<\/div>\n\t\t\t\t<\/div>\n\t\t\t\t<div class=\"elementor-element elementor-element-7b8ac89 elementor-widget elementor-widget-heading\" data-id=\"7b8ac89\" data-element_type=\"widget\" data-e-type=\"widget\" data-widget_type=\"heading.default\">\n\t\t\t\t<div class=\"elementor-widget-container\">\n\t\t\t\t\t<h3 class=\"elementor-heading-title elementor-size-default\">Reconhecimento da queixa\n<\/h3>\t\t\t\t<\/div>\n\t\t\t\t<\/div>\n\t\t\t\t<div class=\"elementor-element elementor-element-9d8646b elementor-widget elementor-widget-text-editor\" data-id=\"9d8646b\" data-element_type=\"widget\" data-e-type=\"widget\" data-widget_type=\"text-editor.default\">\n\t\t\t\t<div class=\"elementor-widget-container\">\n\t\t\t\t\t\t\t\t\t<p>Acusaremos a rece\u00e7\u00e3o da sua queixa no prazo de cinco (5) dias a contar da rece\u00e7\u00e3o do seu formul\u00e1rio de queixa.<\/p>\t\t\t\t\t\t\t\t<\/div>\n\t\t\t\t<\/div>\n\t\t\t\t<\/div>\n\t\t<div class=\"elementor-element elementor-element-1026d43 e-con-full e-flex elementor-invisible e-con e-child\" data-id=\"1026d43\" data-element_type=\"container\" data-e-type=\"container\" data-settings=\"{&quot;animation&quot;:&quot;fadeInRight&quot;}\">\n\t\t\t\t<div class=\"elementor-element elementor-element-3ab00ef elementor-widget elementor-widget-heading\" data-id=\"3ab00ef\" data-element_type=\"widget\" data-e-type=\"widget\" data-widget_type=\"heading.default\">\n\t\t\t\t<div class=\"elementor-widget-container\">\n\t\t\t\t\t<h2 class=\"elementor-heading-title elementor-size-default\">03<\/h2>\t\t\t\t<\/div>\n\t\t\t\t<\/div>\n\t\t\t\t<div class=\"elementor-element elementor-element-15c74a7 elementor-widget elementor-widget-heading\" data-id=\"15c74a7\" data-element_type=\"widget\" data-e-type=\"widget\" data-widget_type=\"heading.default\">\n\t\t\t\t<div class=\"elementor-widget-container\">\n\t\t\t\t\t<h3 class=\"elementor-heading-title elementor-size-default\">Tratamento da sua queixa\n<\/h3>\t\t\t\t<\/div>\n\t\t\t\t<\/div>\n\t\t\t\t<div class=\"elementor-element elementor-element-5f9fc4e elementor-widget elementor-widget-text-editor\" data-id=\"5f9fc4e\" data-element_type=\"widget\" data-e-type=\"widget\" data-widget_type=\"text-editor.default\">\n\t\t\t\t<div class=\"elementor-widget-container\">\n\t\t\t\t\t\t\t\t\tAssim que acusarmos a rece\u00e7\u00e3o da sua queixa, analis\u00e1-la-emos cuidadosamente, investigaremos as circunst\u00e2ncias que envolvem a queixa e tentaremos resolv\u00ea-la sem atrasos indevidos. Envidaremos todos os esfor\u00e7os para investigar a sua queixa e fornecer-lhe o resultado da nossa investiga\u00e7\u00e3o no prazo de seis (6) semanas a contar da data em que nos apresentou a sua queixa. Durante o processo de investiga\u00e7\u00e3o, mant\u00ea-lo-emos informado sobre o processo de tratamento da sua queixa. Um dos nossos funcion\u00e1rios pode contact\u00e1-lo diretamente (incluindo comunica\u00e7\u00e3o por correio eletr\u00f3nico ou telefone) para obter, se necess\u00e1rio, mais esclarecimentos e informa\u00e7\u00f5es sobre a sua queixa.  Solicitaremos a sua total coopera\u00e7\u00e3o para acelerar a investiga\u00e7\u00e3o e a poss\u00edvel resolu\u00e7\u00e3o da sua queixa. Caso a sua queixa exija uma investiga\u00e7\u00e3o mais aprofundada e n\u00e3o possamos resolv\u00ea-la no prazo de seis (6) semanas, um dos nossos funcion\u00e1rios voltar\u00e1 a contact\u00e1-lo diretamente (incluindo comunica\u00e7\u00e3o por correio eletr\u00f3nico ou telefone) indicando as causas do atraso e quando \u00e9 prov\u00e1vel que a investiga\u00e7\u00e3o da Empresa esteja conclu\u00edda. Em qualquer caso, fornecer-lhe-emos o resultado da nossa investiga\u00e7\u00e3o o mais tardar um (1) m\u00eas ap\u00f3s a emiss\u00e3o da resposta de deten\u00e7\u00e3o, dependendo da complexidade do caso e da sua coopera\u00e7\u00e3o. \t\t\t\t\t\t\t\t<\/div>\n\t\t\t\t<\/div>\n\t\t\t\t<\/div>\n\t\t\t\t<div class=\"elementor-element elementor-element-bf10d25 elementor-widget elementor-widget-text-editor\" data-id=\"bf10d25\" data-element_type=\"widget\" data-e-type=\"widget\" data-widget_type=\"text-editor.default\">\n\t\t\t\t<div class=\"elementor-widget-container\">\n\t\t\t\t\t\t\t\t\tNote-se que a Empresa considerar\u00e1 a sua queixa como encerrada e cessar\u00e1 a investiga\u00e7\u00e3o relevante no caso de n\u00e3o responder aos nossos funcion\u00e1rios no prazo de seis (6) semanas a contar da data de apresenta\u00e7\u00e3o da sua queixa.\t\t\t\t\t\t\t\t<\/div>\n\t\t\t\t<\/div>\n\t\t\t\t\t<\/div>\n\t\t\t\t<\/div>\n\t\t<div class=\"elementor-element elementor-element-6953d7e e-flex e-con-boxed e-con e-parent\" data-id=\"6953d7e\" data-element_type=\"container\" data-e-type=\"container\">\n\t\t\t\t\t<div class=\"e-con-inner\">\n\t\t<div class=\"elementor-element elementor-element-dc90193 e-con-full e-flex elementor-invisible e-con e-child\" data-id=\"dc90193\" data-element_type=\"container\" data-e-type=\"container\" data-settings=\"{&quot;animation&quot;:&quot;fadeInLeft&quot;}\">\n\t\t\t\t<div class=\"elementor-element elementor-element-cc0b11e elementor-widget elementor-widget-heading\" data-id=\"cc0b11e\" data-element_type=\"widget\" data-e-type=\"widget\" data-widget_type=\"heading.default\">\n\t\t\t\t<div class=\"elementor-widget-container\">\n\t\t\t\t\t<h2 class=\"elementor-heading-title elementor-size-default\">Contactos para apresenta\u00e7\u00e3o de queixas:<\/h2>\t\t\t\t<\/div>\n\t\t\t\t<\/div>\n\t\t\t\t<div class=\"elementor-element elementor-element-a426f35 elementor-view-stacked elementor-shape-square elementor-position-inline-start elementor-mobile-position-block-start elementor-widget elementor-widget-icon-box\" data-id=\"a426f35\" data-element_type=\"widget\" data-e-type=\"widget\" data-widget_type=\"icon-box.default\">\n\t\t\t\t<div class=\"elementor-widget-container\">\n\t\t\t\t\t\t\t<div class=\"elementor-icon-box-wrapper\">\n\n\t\t\t\t\t\t<div class=\"elementor-icon-box-icon\">\n\t\t\t\t<span  class=\"elementor-icon\">\n\t\t\t\t<svg aria-hidden=\"true\" class=\"e-font-icon-svg e-fas-laptop\" viewbox=\"0 0 640 512\" xmlns=\"http:\/\/www.w3.org\/2000\/svg\"><path d=\"M624 416H381.54c-.74 19.81-14.71 32-32.74 32H288c-18.69 0-33.02-17.47-32.77-32H16c-8.8 0-16 7.2-16 16v16c0 35.2 28.8 64 64 64h512c35.2 0 64-28.8 64-64v-16c0-8.8-7.2-16-16-16zM576 48c0-26.4-21.6-48-48-48H112C85.6 0 64 21.6 64 48v336h512V48zm-64 272H128V64h384v256z\"><\/path><\/svg>\t\t\t\t<\/span>\n\t\t\t<\/div>\n\t\t\t\n\t\t\t\t\t\t<div class=\"elementor-icon-box-content\">\n\n\t\t\t\t\t\t\t\t\t<h3 class=\"elementor-icon-box-title\">\n\t\t\t\t\t\t<span  >\n\t\t\t\t\t\t\tS\u00edtio Web\t\t\t\t\t\t<\/span>\n\t\t\t\t\t<\/h3>\n\t\t\t\t\n\t\t\t\t\t\t\t\t\t<p class=\"elementor-icon-box-description\">\n\t\t\t\t\t\thttps:\/\/trade24seven.com\/\t\t\t\t\t<\/p>\n\t\t\t\t\n\t\t\t<\/div>\n\t\t\t\n\t\t<\/div>\n\t\t\t\t\t\t<\/div>\n\t\t\t\t<\/div>\n\t\t\t\t<div class=\"elementor-element elementor-element-538c13b elementor-view-stacked elementor-shape-square elementor-position-inline-start elementor-mobile-position-block-start elementor-widget elementor-widget-icon-box\" data-id=\"538c13b\" data-element_type=\"widget\" data-e-type=\"widget\" data-widget_type=\"icon-box.default\">\n\t\t\t\t<div class=\"elementor-widget-container\">\n\t\t\t\t\t\t\t<div class=\"elementor-icon-box-wrapper\">\n\n\t\t\t\t\t\t<div class=\"elementor-icon-box-icon\">\n\t\t\t\t<span  class=\"elementor-icon\">\n\t\t\t\t<svg aria-hidden=\"true\" class=\"e-font-icon-svg e-far-envelope-open\" viewbox=\"0 0 512 512\" xmlns=\"http:\/\/www.w3.org\/2000\/svg\"><path d=\"M494.586 164.516c-4.697-3.883-111.723-89.95-135.251-108.657C337.231 38.191 299.437 0 256 0c-43.205 0-80.636 37.717-103.335 55.859-24.463 19.45-131.07 105.195-135.15 108.549A48.004 48.004 0 0 0 0 201.485V464c0 26.51 21.49 48 48 48h416c26.51 0 48-21.49 48-48V201.509a48 48 0 0 0-17.414-36.993zM464 458a6 6 0 0 1-6 6H54a6 6 0 0 1-6-6V204.347c0-1.813.816-3.526 2.226-4.665 15.87-12.814 108.793-87.554 132.364-106.293C200.755 78.88 232.398 48 256 48c23.693 0 55.857 31.369 73.41 45.389 23.573 18.741 116.503 93.493 132.366 106.316a5.99 5.99 0 0 1 2.224 4.663V458zm-31.991-187.704c4.249 5.159 3.465 12.795-1.745 16.981-28.975 23.283-59.274 47.597-70.929 56.863C336.636 362.283 299.205 400 256 400c-43.452 0-81.287-38.237-103.335-55.86-11.279-8.967-41.744-33.413-70.927-56.865-5.21-4.187-5.993-11.822-1.745-16.981l15.258-18.528c4.178-5.073 11.657-5.843 16.779-1.726 28.618 23.001 58.566 47.035 70.56 56.571C200.143 320.631 232.307 352 256 352c23.602 0 55.246-30.88 73.41-45.389 11.994-9.535 41.944-33.57 70.563-56.568 5.122-4.116 12.601-3.346 16.778 1.727l15.258 18.526z\"><\/path><\/svg>\t\t\t\t<\/span>\n\t\t\t<\/div>\n\t\t\t\n\t\t\t\t\t\t<div class=\"elementor-icon-box-content\">\n\n\t\t\t\t\t\t\t\t\t<h3 class=\"elementor-icon-box-title\">\n\t\t\t\t\t\t<span  >\n\t\t\t\t\t\t\tCorreio eletr\u00f3nico\t\t\t\t\t\t<\/span>\n\t\t\t\t\t<\/h3>\n\t\t\t\t\n\t\t\t\t\t\t\t\t\t<p class=\"elementor-icon-box-description\">\n\t\t\t\t\t\tinfo@trade24seven.com\t\t\t\t\t<\/p>\n\t\t\t\t\n\t\t\t<\/div>\n\t\t\t\n\t\t<\/div>\n\t\t\t\t\t\t<\/div>\n\t\t\t\t<\/div>\n\t\t\t\t<\/div>\n\t\t<div class=\"elementor-element elementor-element-a7a745f e-con-full e-flex elementor-invisible e-con e-child\" data-id=\"a7a745f\" data-element_type=\"container\" data-e-type=\"container\" data-settings=\"{&quot;animation&quot;:&quot;fadeInRight&quot;,&quot;animation_mobile&quot;:&quot;none&quot;}\">\n\t\t\t\t<div class=\"elementor-element elementor-element-e754b05 elementor-widget__width-initial elementor-widget elementor-widget-image\" data-id=\"e754b05\" data-element_type=\"widget\" data-e-type=\"widget\" data-widget_type=\"image.default\">\n\t\t\t\t<div class=\"elementor-widget-container\">\n\t\t\t\t\t\t\t\t\t\t\t\t\t\t\t<img decoding=\"async\" width=\"954\" height=\"952\" src=\"https:\/\/trade24seven.com\/wp-content\/uploads\/2024\/07\/pincon035.jpg\" class=\"attachment-full size-full wp-image-633\" alt=\"\" srcset=\"https:\/\/trade24seven.com\/wp-content\/uploads\/2024\/07\/pincon035.jpg 954w, https:\/\/trade24seven.com\/wp-content\/uploads\/2024\/07\/pincon035-300x300.jpg 300w, https:\/\/trade24seven.com\/wp-content\/uploads\/2024\/07\/pincon035-150x150.jpg 150w, https:\/\/trade24seven.com\/wp-content\/uploads\/2024\/07\/pincon035-768x766.jpg 768w\" sizes=\"(max-width: 954px) 100vw, 954px\" \/>\t\t\t\t\t\t\t\t\t\t\t\t\t\t\t<\/div>\n\t\t\t\t<\/div>\n\t\t\t\t<\/div>\n\t\t\t\t\t<\/div>\n\t\t\t\t<\/div>\n\t\t\t\t<\/div>","protected":false},"excerpt":{"rendered":"<p>Complaint Procedure Client Complaint Procedure We, Delcamp Global Markets Inc., have adopted this complaint process in order to ensure fair and timely handling of any complaints that could arise from our relationship. The Company is authorized and regulated by the Mwali International Services Authority (M.I.S.A.) of Comoros Island with license number BFX2024041. The company registration [&hellip;]<\/p>\n","protected":false},"author":1,"featured_media":0,"parent":0,"menu_order":0,"comment_status":"closed","ping_status":"closed","template":"elementor_header_footer","meta":{"footnotes":""},"class_list":["post-561","page","type-page","status-publish","hentry"],"_links":{"self":[{"href":"https:\/\/trade24seven.com\/pt\/wp-json\/wp\/v2\/pages\/561","targetHints":{"allow":["GET"]}}],"collection":[{"href":"https:\/\/trade24seven.com\/pt\/wp-json\/wp\/v2\/pages"}],"about":[{"href":"https:\/\/trade24seven.com\/pt\/wp-json\/wp\/v2\/types\/page"}],"author":[{"embeddable":true,"href":"https:\/\/trade24seven.com\/pt\/wp-json\/wp\/v2\/users\/1"}],"replies":[{"embeddable":true,"href":"https:\/\/trade24seven.com\/pt\/wp-json\/wp\/v2\/comments?post=561"}],"version-history":[{"count":0,"href":"https:\/\/trade24seven.com\/pt\/wp-json\/wp\/v2\/pages\/561\/revisions"}],"wp:attachment":[{"href":"https:\/\/trade24seven.com\/pt\/wp-json\/wp\/v2\/media?parent=561"}],"curies":[{"name":"wp","href":"https:\/\/api.w.org\/{rel}","templated":true}]}}