{"id":561,"date":"2024-07-04T15:06:31","date_gmt":"2024-07-04T15:06:31","guid":{"rendered":"http:\/\/63.178.124.224\/?page_id=561"},"modified":"2024-07-17T06:42:26","modified_gmt":"2024-07-17T06:42:26","slug":"complaints","status":"publish","type":"page","link":"https:\/\/trade24seven.com\/fr\/complaints\/","title":{"rendered":"Plaintes"},"content":{"rendered":"<div data-elementor-type=\"wp-page\" data-elementor-id=\"561\" class=\"elementor elementor-561\" data-elementor-post-type=\"page\">\n\t\t\t\t\t\t<section class=\"elementor-section elementor-top-section elementor-element elementor-element-8c91db8 elementor-section-boxed elementor-section-height-default elementor-section-height-default\" data-id=\"8c91db8\" data-element_type=\"section\" data-e-type=\"section\" data-settings=\"{&quot;background_background&quot;:&quot;classic&quot;}\">\n\t\t\t\t\t\t\t<div class=\"elementor-background-overlay\"><\/div>\n\t\t\t\t\t\t\t<div class=\"elementor-container elementor-column-gap-default\">\n\t\t\t\t\t<div class=\"elementor-column elementor-col-100 elementor-top-column elementor-element elementor-element-bf114c9\" data-id=\"bf114c9\" data-element_type=\"column\" data-e-type=\"column\" data-settings=\"{&quot;background_background&quot;:&quot;classic&quot;}\">\n\t\t\t<div class=\"elementor-widget-wrap elementor-element-populated\">\n\t\t\t\t\t\t<div class=\"elementor-element elementor-element-def4b9d elementor-invisible elementor-widget elementor-widget-heading\" data-id=\"def4b9d\" data-element_type=\"widget\" data-e-type=\"widget\" data-settings=\"{&quot;_animation&quot;:&quot;fadeInUp&quot;}\" data-widget_type=\"heading.default\">\n\t\t\t\t<div class=\"elementor-widget-container\">\n\t\t\t\t\t<h1 class=\"elementor-heading-title elementor-size-default\">Proc\u00e9dure de plainte<\/h1>\t\t\t\t<\/div>\n\t\t\t\t<\/div>\n\t\t\t\t\t<\/div>\n\t\t<\/div>\n\t\t\t\t\t<\/div>\n\t\t<\/section>\n\t\t<div class=\"elementor-element elementor-element-84cfc4a e-flex e-con-boxed e-con e-parent\" data-id=\"84cfc4a\" data-element_type=\"container\" data-e-type=\"container\">\n\t\t\t\t\t<div class=\"e-con-inner\">\n\t\t<div class=\"elementor-element elementor-element-b5b5f0b e-con-full e-flex elementor-invisible e-con e-child\" data-id=\"b5b5f0b\" data-element_type=\"container\" data-e-type=\"container\" data-settings=\"{&quot;animation&quot;:&quot;fadeInLeft&quot;}\">\n\t\t\t\t<div class=\"elementor-element elementor-element-e3cf23a elementor-widget__width-initial elementor-widget elementor-widget-image\" data-id=\"e3cf23a\" data-element_type=\"widget\" data-e-type=\"widget\" data-widget_type=\"image.default\">\n\t\t\t\t<div class=\"elementor-widget-container\">\n\t\t\t\t\t\t\t\t\t\t\t\t\t\t\t<img fetchpriority=\"high\" decoding=\"async\" width=\"900\" height=\"903\" src=\"https:\/\/trade24seven.com\/wp-content\/uploads\/2024\/07\/Group-1214995.webp\" class=\"attachment-full size-full wp-image-573\" alt=\"\" srcset=\"https:\/\/trade24seven.com\/wp-content\/uploads\/2024\/07\/Group-1214995.webp 900w, https:\/\/trade24seven.com\/wp-content\/uploads\/2024\/07\/Group-1214995-300x300.webp 300w, https:\/\/trade24seven.com\/wp-content\/uploads\/2024\/07\/Group-1214995-150x150.webp 150w, https:\/\/trade24seven.com\/wp-content\/uploads\/2024\/07\/Group-1214995-768x771.webp 768w\" sizes=\"(max-width: 900px) 100vw, 900px\" \/>\t\t\t\t\t\t\t\t\t\t\t\t\t\t\t<\/div>\n\t\t\t\t<\/div>\n\t\t\t\t<\/div>\n\t\t<div class=\"elementor-element elementor-element-72fd344 e-con-full e-flex elementor-invisible e-con e-child\" data-id=\"72fd344\" data-element_type=\"container\" data-e-type=\"container\" data-settings=\"{&quot;animation&quot;:&quot;fadeInRight&quot;}\">\n\t\t\t\t<div class=\"elementor-element elementor-element-e0cb20e elementor-widget elementor-widget-heading\" data-id=\"e0cb20e\" data-element_type=\"widget\" data-e-type=\"widget\" data-widget_type=\"heading.default\">\n\t\t\t\t<div class=\"elementor-widget-container\">\n\t\t\t\t\t<h2 class=\"elementor-heading-title elementor-size-default\">Proc\u00e9dure de r\u00e9clamation des clients\n<\/h2>\t\t\t\t<\/div>\n\t\t\t\t<\/div>\n\t\t\t\t<div class=\"elementor-element elementor-element-88c0e83 elementor-widget elementor-widget-text-editor\" data-id=\"88c0e83\" data-element_type=\"widget\" data-e-type=\"widget\" data-widget_type=\"text-editor.default\">\n\t\t\t\t<div class=\"elementor-widget-container\">\n\t\t\t\t\t\t\t\t\t<p>Nous, Delcamp Global Markets Inc. avons adopt\u00e9 ce processus de plainte afin d'assurer un traitement \u00e9quitable et rapide de toute plainte pouvant d\u00e9couler de notre relation. La soci\u00e9t\u00e9 est autoris\u00e9e et r\u00e9glement\u00e9e par la Mwali International Services Authority (M.I.S.A.) de l'\u00eele des Comores avec le num\u00e9ro de licence BFX2024041. Le num\u00e9ro d'enregistrement de la soci\u00e9t\u00e9 est HT00324013. L'adresse du si\u00e8ge social de Delcamp Global Markets Inc est Bonovo Road, Fomboni, Ile de Moh\u00e9li, Union des Comores.<\/p>\t\t\t\t\t\t\t\t<\/div>\n\t\t\t\t<\/div>\n\t\t\t\t<\/div>\n\t\t\t\t\t<\/div>\n\t\t\t\t<\/div>\n\t\t<div class=\"elementor-element elementor-element-f8d5013 e-flex e-con-boxed e-con e-parent\" data-id=\"f8d5013\" data-element_type=\"container\" data-e-type=\"container\" data-settings=\"{&quot;background_background&quot;:&quot;classic&quot;}\">\n\t\t\t\t\t<div class=\"e-con-inner\">\n\t\t<div class=\"elementor-element elementor-element-3eb51f5 e-con-full e-flex elementor-invisible e-con e-child\" data-id=\"3eb51f5\" data-element_type=\"container\" data-e-type=\"container\" data-settings=\"{&quot;animation&quot;:&quot;fadeInRight&quot;}\">\n\t\t\t\t<div class=\"elementor-element elementor-element-4459895 elementor-widget elementor-widget-heading\" data-id=\"4459895\" data-element_type=\"widget\" data-e-type=\"widget\" data-widget_type=\"heading.default\">\n\t\t\t\t<div class=\"elementor-widget-container\">\n\t\t\t\t\t<h2 class=\"elementor-heading-title elementor-size-default\">01<\/h2>\t\t\t\t<\/div>\n\t\t\t\t<\/div>\n\t\t\t\t<div class=\"elementor-element elementor-element-3699345 elementor-widget elementor-widget-heading\" data-id=\"3699345\" data-element_type=\"widget\" data-e-type=\"widget\" data-widget_type=\"heading.default\">\n\t\t\t\t<div class=\"elementor-widget-container\">\n\t\t\t\t\t<h3 class=\"elementor-heading-title elementor-size-default\">D\u00e9p\u00f4t d'une plainte\n<\/h3>\t\t\t\t<\/div>\n\t\t\t\t<\/div>\n\t\t\t\t<div class=\"elementor-element elementor-element-83f8f07 elementor-widget elementor-widget-text-editor\" data-id=\"83f8f07\" data-element_type=\"widget\" data-e-type=\"widget\" data-widget_type=\"text-editor.default\">\n\t\t\t\t<div class=\"elementor-widget-container\">\n\t\t\t\t\t\t\t\t\t<p>Pour d\u00e9poser une plainte aupr\u00e8s de la soci\u00e9t\u00e9, veuillez remplir et soumettre le formulaire de plainte (cliquez sur le lien ci-dessous). Veuillez noter que l'entreprise se r\u00e9serve le droit de ne pas accepter les plaintes soumises par d'autres moyens ou m\u00e9thodes (par exemple, courrier \u00e9lectronique, t\u00e9l\u00e9phone, etc.). Utilisez le lien suivant pour acc\u00e9der au formulaire de plainte.<\/p>\t\t\t\t\t\t\t\t<\/div>\n\t\t\t\t<\/div>\n\t\t\t\t<div class=\"elementor-element elementor-element-afc3afb elementor-align-center elementor-widget elementor-widget-button\" data-id=\"afc3afb\" data-element_type=\"widget\" data-e-type=\"widget\" data-widget_type=\"button.default\">\n\t\t\t\t<div class=\"elementor-widget-container\">\n\t\t\t\t\t\t\t\t\t<div class=\"elementor-button-wrapper\">\n\t\t\t\t\t<a class=\"elementor-button elementor-button-link elementor-size-sm\" href=\"\/fr\/complaint-form\/\">\n\t\t\t\t\t\t<span class=\"elementor-button-content-wrapper\">\n\t\t\t\t\t\t\t\t\t<span class=\"elementor-button-text\">Cliquez ici pour acc\u00e9der \u00e0 notre formulaire de plainte<\/span>\n\t\t\t\t\t<\/span>\n\t\t\t\t\t<\/a>\n\t\t\t\t<\/div>\n\t\t\t\t\t\t\t\t<\/div>\n\t\t\t\t<\/div>\n\t\t\t\t<div class=\"elementor-element elementor-element-f54e500 elementor-widget elementor-widget-text-editor\" data-id=\"f54e500\" data-element_type=\"widget\" data-e-type=\"widget\" data-widget_type=\"text-editor.default\">\n\t\t\t\t<div class=\"elementor-widget-container\">\n\t\t\t\t\t\t\t\t\t<p>Ou contacter : <a href=\"mailto:complaints@trade24seven.com\">complaints@trade24seven.com<\/a><\/p>\t\t\t\t\t\t\t\t<\/div>\n\t\t\t\t<\/div>\n\t\t\t\t<div class=\"elementor-element elementor-element-6069085 elementor-widget elementor-widget-text-editor\" data-id=\"6069085\" data-element_type=\"widget\" data-e-type=\"widget\" data-widget_type=\"text-editor.default\">\n\t\t\t\t<div class=\"elementor-widget-container\">\n\t\t\t\t\t\t\t\t\t<p>Une fois que vous aurez rempli et envoy\u00e9 votre formulaire de plainte, notre service correspondant enqu\u00eatera et vous contactera \u00e9ventuellement en cons\u00e9quence.<\/p>\t\t\t\t\t\t\t\t<\/div>\n\t\t\t\t<\/div>\n\t\t\t\t<\/div>\n\t\t<div class=\"elementor-element elementor-element-8ce7be6 e-con-full e-flex elementor-invisible e-con e-child\" data-id=\"8ce7be6\" data-element_type=\"container\" data-e-type=\"container\" data-settings=\"{&quot;animation&quot;:&quot;fadeInLeft&quot;}\">\n\t\t\t\t<div class=\"elementor-element elementor-element-bbee966 elementor-widget elementor-widget-heading\" data-id=\"bbee966\" data-element_type=\"widget\" data-e-type=\"widget\" data-widget_type=\"heading.default\">\n\t\t\t\t<div class=\"elementor-widget-container\">\n\t\t\t\t\t<h2 class=\"elementor-heading-title elementor-size-default\">02<\/h2>\t\t\t\t<\/div>\n\t\t\t\t<\/div>\n\t\t\t\t<div class=\"elementor-element elementor-element-7b8ac89 elementor-widget elementor-widget-heading\" data-id=\"7b8ac89\" data-element_type=\"widget\" data-e-type=\"widget\" data-widget_type=\"heading.default\">\n\t\t\t\t<div class=\"elementor-widget-container\">\n\t\t\t\t\t<h3 class=\"elementor-heading-title elementor-size-default\">Accus\u00e9 de r\u00e9ception de la plainte\n<\/h3>\t\t\t\t<\/div>\n\t\t\t\t<\/div>\n\t\t\t\t<div class=\"elementor-element elementor-element-9d8646b elementor-widget elementor-widget-text-editor\" data-id=\"9d8646b\" data-element_type=\"widget\" data-e-type=\"widget\" data-widget_type=\"text-editor.default\">\n\t\t\t\t<div class=\"elementor-widget-container\">\n\t\t\t\t\t\t\t\t\t<p>Nous accuserons r\u00e9ception de votre plainte dans un d\u00e9lai de cinq (5) jours \u00e0 compter de la r\u00e9ception de votre formulaire de plainte.<\/p>\t\t\t\t\t\t\t\t<\/div>\n\t\t\t\t<\/div>\n\t\t\t\t<\/div>\n\t\t<div class=\"elementor-element elementor-element-1026d43 e-con-full e-flex elementor-invisible e-con e-child\" data-id=\"1026d43\" data-element_type=\"container\" data-e-type=\"container\" data-settings=\"{&quot;animation&quot;:&quot;fadeInRight&quot;}\">\n\t\t\t\t<div class=\"elementor-element elementor-element-3ab00ef elementor-widget elementor-widget-heading\" data-id=\"3ab00ef\" data-element_type=\"widget\" data-e-type=\"widget\" data-widget_type=\"heading.default\">\n\t\t\t\t<div class=\"elementor-widget-container\">\n\t\t\t\t\t<h2 class=\"elementor-heading-title elementor-size-default\">03<\/h2>\t\t\t\t<\/div>\n\t\t\t\t<\/div>\n\t\t\t\t<div class=\"elementor-element elementor-element-15c74a7 elementor-widget elementor-widget-heading\" data-id=\"15c74a7\" data-element_type=\"widget\" data-e-type=\"widget\" data-widget_type=\"heading.default\">\n\t\t\t\t<div class=\"elementor-widget-container\">\n\t\t\t\t\t<h3 class=\"elementor-heading-title elementor-size-default\">Traitement de votre plainte\n<\/h3>\t\t\t\t<\/div>\n\t\t\t\t<\/div>\n\t\t\t\t<div class=\"elementor-element elementor-element-5f9fc4e elementor-widget elementor-widget-text-editor\" data-id=\"5f9fc4e\" data-element_type=\"widget\" data-e-type=\"widget\" data-widget_type=\"text-editor.default\">\n\t\t\t\t<div class=\"elementor-widget-container\">\n\t\t\t\t\t\t\t\t\tUne fois que nous aurons accus\u00e9 r\u00e9ception de votre plainte, nous l'examinerons attentivement, nous \u00e9tudierons les circonstances entourant votre plainte et nous essaierons de la r\u00e9soudre dans les meilleurs d\u00e9lais. Nous nous efforcerons d'examiner votre plainte et de vous communiquer les r\u00e9sultats de notre enqu\u00eate dans un d\u00e9lai de six (6) semaines \u00e0 compter de la date \u00e0 laquelle vous nous avez soumis votre plainte. Pendant la proc\u00e9dure d'enqu\u00eate, nous vous tiendrons au courant de l'\u00e9volution du traitement de votre plainte. L'un de nos agents peut vous contacter directement (y compris par courrier \u00e9lectronique ou par t\u00e9l\u00e9phone) afin d'obtenir, le cas \u00e9ch\u00e9ant, des \u00e9claircissements et des informations suppl\u00e9mentaires concernant votre plainte.  Nous vous demanderons votre enti\u00e8re coop\u00e9ration afin d'acc\u00e9l\u00e9rer l'enqu\u00eate et la r\u00e9solution \u00e9ventuelle de votre plainte. Si votre plainte n\u00e9cessite une enqu\u00eate plus approfondie et que nous ne pouvons la r\u00e9soudre dans un d\u00e9lai de six (6) semaines, l'un de nos agents vous recontactera directement (y compris par courrier \u00e9lectronique ou par t\u00e9l\u00e9phone) en vous indiquant les causes du retard et la date \u00e0 laquelle l'enqu\u00eate de la soci\u00e9t\u00e9 devrait \u00eatre achev\u00e9e. En tout \u00e9tat de cause, nous vous communiquerons les r\u00e9sultats de notre enqu\u00eate au plus tard un (1) mois \u00e0 compter de l'\u00e9mission de la r\u00e9ponse d'attente, en fonction de la complexit\u00e9 de l'affaire et de votre coop\u00e9ration. \t\t\t\t\t\t\t\t<\/div>\n\t\t\t\t<\/div>\n\t\t\t\t<\/div>\n\t\t\t\t<div class=\"elementor-element elementor-element-bf10d25 elementor-widget elementor-widget-text-editor\" data-id=\"bf10d25\" data-element_type=\"widget\" data-e-type=\"widget\" data-widget_type=\"text-editor.default\">\n\t\t\t\t<div class=\"elementor-widget-container\">\n\t\t\t\t\t\t\t\t\tVeuillez noter que l'entreprise consid\u00e9rera votre plainte comme close et mettra fin \u00e0 l'enqu\u00eate si vous ne r\u00e9pondez pas \u00e0 nos agents dans un d\u00e9lai de six (6) semaines \u00e0 compter de la date de d\u00e9p\u00f4t de votre plainte.\t\t\t\t\t\t\t\t<\/div>\n\t\t\t\t<\/div>\n\t\t\t\t\t<\/div>\n\t\t\t\t<\/div>\n\t\t<div class=\"elementor-element elementor-element-6953d7e e-flex e-con-boxed e-con e-parent\" data-id=\"6953d7e\" data-element_type=\"container\" data-e-type=\"container\">\n\t\t\t\t\t<div class=\"e-con-inner\">\n\t\t<div class=\"elementor-element elementor-element-dc90193 e-con-full e-flex elementor-invisible e-con e-child\" data-id=\"dc90193\" data-element_type=\"container\" data-e-type=\"container\" data-settings=\"{&quot;animation&quot;:&quot;fadeInLeft&quot;}\">\n\t\t\t\t<div class=\"elementor-element elementor-element-cc0b11e elementor-widget elementor-widget-heading\" data-id=\"cc0b11e\" data-element_type=\"widget\" data-e-type=\"widget\" data-widget_type=\"heading.default\">\n\t\t\t\t<div class=\"elementor-widget-container\">\n\t\t\t\t\t<h2 class=\"elementor-heading-title elementor-size-default\">Coordonn\u00e9es pour les plaintes :<\/h2>\t\t\t\t<\/div>\n\t\t\t\t<\/div>\n\t\t\t\t<div class=\"elementor-element elementor-element-a426f35 elementor-view-stacked elementor-shape-square elementor-position-inline-start elementor-mobile-position-block-start elementor-widget elementor-widget-icon-box\" data-id=\"a426f35\" data-element_type=\"widget\" data-e-type=\"widget\" data-widget_type=\"icon-box.default\">\n\t\t\t\t<div class=\"elementor-widget-container\">\n\t\t\t\t\t\t\t<div class=\"elementor-icon-box-wrapper\">\n\n\t\t\t\t\t\t<div class=\"elementor-icon-box-icon\">\n\t\t\t\t<span  class=\"elementor-icon\">\n\t\t\t\t<svg aria-hidden=\"true\" class=\"e-font-icon-svg e-fas-laptop\" viewbox=\"0 0 640 512\" xmlns=\"http:\/\/www.w3.org\/2000\/svg\"><path d=\"M624 416H381.54c-.74 19.81-14.71 32-32.74 32H288c-18.69 0-33.02-17.47-32.77-32H16c-8.8 0-16 7.2-16 16v16c0 35.2 28.8 64 64 64h512c35.2 0 64-28.8 64-64v-16c0-8.8-7.2-16-16-16zM576 48c0-26.4-21.6-48-48-48H112C85.6 0 64 21.6 64 48v336h512V48zm-64 272H128V64h384v256z\"><\/path><\/svg>\t\t\t\t<\/span>\n\t\t\t<\/div>\n\t\t\t\n\t\t\t\t\t\t<div class=\"elementor-icon-box-content\">\n\n\t\t\t\t\t\t\t\t\t<h3 class=\"elementor-icon-box-title\">\n\t\t\t\t\t\t<span  >\n\t\t\t\t\t\t\tSite web\t\t\t\t\t\t<\/span>\n\t\t\t\t\t<\/h3>\n\t\t\t\t\n\t\t\t\t\t\t\t\t\t<p class=\"elementor-icon-box-description\">\n\t\t\t\t\t\thttps:\/\/trade24seven.com\/\t\t\t\t\t<\/p>\n\t\t\t\t\n\t\t\t<\/div>\n\t\t\t\n\t\t<\/div>\n\t\t\t\t\t\t<\/div>\n\t\t\t\t<\/div>\n\t\t\t\t<div class=\"elementor-element elementor-element-538c13b elementor-view-stacked elementor-shape-square elementor-position-inline-start elementor-mobile-position-block-start elementor-widget elementor-widget-icon-box\" data-id=\"538c13b\" data-element_type=\"widget\" data-e-type=\"widget\" data-widget_type=\"icon-box.default\">\n\t\t\t\t<div class=\"elementor-widget-container\">\n\t\t\t\t\t\t\t<div class=\"elementor-icon-box-wrapper\">\n\n\t\t\t\t\t\t<div class=\"elementor-icon-box-icon\">\n\t\t\t\t<span  class=\"elementor-icon\">\n\t\t\t\t<svg aria-hidden=\"true\" class=\"e-font-icon-svg e-far-envelope-open\" viewbox=\"0 0 512 512\" xmlns=\"http:\/\/www.w3.org\/2000\/svg\"><path d=\"M494.586 164.516c-4.697-3.883-111.723-89.95-135.251-108.657C337.231 38.191 299.437 0 256 0c-43.205 0-80.636 37.717-103.335 55.859-24.463 19.45-131.07 105.195-135.15 108.549A48.004 48.004 0 0 0 0 201.485V464c0 26.51 21.49 48 48 48h416c26.51 0 48-21.49 48-48V201.509a48 48 0 0 0-17.414-36.993zM464 458a6 6 0 0 1-6 6H54a6 6 0 0 1-6-6V204.347c0-1.813.816-3.526 2.226-4.665 15.87-12.814 108.793-87.554 132.364-106.293C200.755 78.88 232.398 48 256 48c23.693 0 55.857 31.369 73.41 45.389 23.573 18.741 116.503 93.493 132.366 106.316a5.99 5.99 0 0 1 2.224 4.663V458zm-31.991-187.704c4.249 5.159 3.465 12.795-1.745 16.981-28.975 23.283-59.274 47.597-70.929 56.863C336.636 362.283 299.205 400 256 400c-43.452 0-81.287-38.237-103.335-55.86-11.279-8.967-41.744-33.413-70.927-56.865-5.21-4.187-5.993-11.822-1.745-16.981l15.258-18.528c4.178-5.073 11.657-5.843 16.779-1.726 28.618 23.001 58.566 47.035 70.56 56.571C200.143 320.631 232.307 352 256 352c23.602 0 55.246-30.88 73.41-45.389 11.994-9.535 41.944-33.57 70.563-56.568 5.122-4.116 12.601-3.346 16.778 1.727l15.258 18.526z\"><\/path><\/svg>\t\t\t\t<\/span>\n\t\t\t<\/div>\n\t\t\t\n\t\t\t\t\t\t<div class=\"elementor-icon-box-content\">\n\n\t\t\t\t\t\t\t\t\t<h3 class=\"elementor-icon-box-title\">\n\t\t\t\t\t\t<span  >\n\t\t\t\t\t\t\tCourriel\t\t\t\t\t\t<\/span>\n\t\t\t\t\t<\/h3>\n\t\t\t\t\n\t\t\t\t\t\t\t\t\t<p class=\"elementor-icon-box-description\">\n\t\t\t\t\t\tinfo@trade24seven.com\t\t\t\t\t<\/p>\n\t\t\t\t\n\t\t\t<\/div>\n\t\t\t\n\t\t<\/div>\n\t\t\t\t\t\t<\/div>\n\t\t\t\t<\/div>\n\t\t\t\t<\/div>\n\t\t<div class=\"elementor-element elementor-element-a7a745f e-con-full e-flex elementor-invisible e-con e-child\" data-id=\"a7a745f\" data-element_type=\"container\" data-e-type=\"container\" data-settings=\"{&quot;animation&quot;:&quot;fadeInRight&quot;,&quot;animation_mobile&quot;:&quot;none&quot;}\">\n\t\t\t\t<div class=\"elementor-element elementor-element-e754b05 elementor-widget__width-initial elementor-widget elementor-widget-image\" data-id=\"e754b05\" data-element_type=\"widget\" data-e-type=\"widget\" data-widget_type=\"image.default\">\n\t\t\t\t<div class=\"elementor-widget-container\">\n\t\t\t\t\t\t\t\t\t\t\t\t\t\t\t<img decoding=\"async\" width=\"954\" height=\"952\" src=\"https:\/\/trade24seven.com\/wp-content\/uploads\/2024\/07\/pincon035.jpg\" class=\"attachment-full size-full wp-image-633\" alt=\"\" srcset=\"https:\/\/trade24seven.com\/wp-content\/uploads\/2024\/07\/pincon035.jpg 954w, https:\/\/trade24seven.com\/wp-content\/uploads\/2024\/07\/pincon035-300x300.jpg 300w, https:\/\/trade24seven.com\/wp-content\/uploads\/2024\/07\/pincon035-150x150.jpg 150w, https:\/\/trade24seven.com\/wp-content\/uploads\/2024\/07\/pincon035-768x766.jpg 768w\" sizes=\"(max-width: 954px) 100vw, 954px\" \/>\t\t\t\t\t\t\t\t\t\t\t\t\t\t\t<\/div>\n\t\t\t\t<\/div>\n\t\t\t\t<\/div>\n\t\t\t\t\t<\/div>\n\t\t\t\t<\/div>\n\t\t\t\t<\/div>","protected":false},"excerpt":{"rendered":"<p>Complaint Procedure Client Complaint Procedure We, Delcamp Global Markets Inc., have adopted this complaint process in order to ensure fair and timely handling of any complaints that could arise from our relationship. The Company is authorized and regulated by the Mwali International Services Authority (M.I.S.A.) of Comoros Island with license number BFX2024041. The company registration [&hellip;]<\/p>\n","protected":false},"author":1,"featured_media":0,"parent":0,"menu_order":0,"comment_status":"closed","ping_status":"closed","template":"elementor_header_footer","meta":{"footnotes":""},"class_list":["post-561","page","type-page","status-publish","hentry"],"_links":{"self":[{"href":"https:\/\/trade24seven.com\/fr\/wp-json\/wp\/v2\/pages\/561","targetHints":{"allow":["GET"]}}],"collection":[{"href":"https:\/\/trade24seven.com\/fr\/wp-json\/wp\/v2\/pages"}],"about":[{"href":"https:\/\/trade24seven.com\/fr\/wp-json\/wp\/v2\/types\/page"}],"author":[{"embeddable":true,"href":"https:\/\/trade24seven.com\/fr\/wp-json\/wp\/v2\/users\/1"}],"replies":[{"embeddable":true,"href":"https:\/\/trade24seven.com\/fr\/wp-json\/wp\/v2\/comments?post=561"}],"version-history":[{"count":0,"href":"https:\/\/trade24seven.com\/fr\/wp-json\/wp\/v2\/pages\/561\/revisions"}],"wp:attachment":[{"href":"https:\/\/trade24seven.com\/fr\/wp-json\/wp\/v2\/media?parent=561"}],"curies":[{"name":"wp","href":"https:\/\/api.w.org\/{rel}","templated":true}]}}